{"id":148,"date":"2021-07-06T06:30:54","date_gmt":"2021-07-06T06:30:54","guid":{"rendered":"http:\/\/foto-poky.cz\/?page_id=148"},"modified":"2021-08-29T19:50:25","modified_gmt":"2021-08-29T19:50:25","slug":"oprava-a-servis-elektroniky","status":"publish","type":"page","link":"http:\/\/zapeca.cz\/index.php\/oprava-a-servis-elektroniky\/","title":{"rendered":"Oprava a servis elektroniky"},"content":{"rendered":"\n<p>TV servis <strong><span class=\"has-inline-color has-vivid-red-color\">Z\u00e1peca<\/span><\/strong> se zab\u00fdv\u00e1 opravou televizor\u016f v\u0161ech zna\u010dek, set \u2013 top box\u016f ( jejich opravou i nalad\u011bn\u00edm), satelitn\u00edch p\u0159ij\u00edma\u010d\u016f, DVD p\u0159ij\u00edma\u010d\u016f, televizn\u00edch ovlada\u010d\u016f a jin\u00e9 elektroniky t\u00fdkaj\u00edc\u00ed se televizn\u00ed techniky .<\/p>\n\n\n\n<p>&nbsp;&nbsp;&nbsp;&nbsp;&nbsp; Jsme sou\u010d\u00e1st\u00ed syst\u00e9mu zp\u011btn\u00e9ho odb\u011bru\nelektroodpadu, to znamen\u00e1, \u017ee pokud si u n\u00e1s zakoup\u00edte v\u00fdrobek, V\u00e1\u0161 star\u00fd\nbezplatn\u011b odebereme k ekologick\u00e9 likvidaci.<\/p>\n\n\n\n<p>&nbsp;&nbsp;&nbsp;&nbsp;&nbsp; D\u00edlensk\u00e9 i extern\u00ed opravy jsou prov\u00e1d\u011bny\nna z\u00e1klad\u011b smlouvy o d\u00edlo dle \u00a72586 ob\u010dansk\u00e9ho z\u00e1kon\u00edku na z\u00e1klad\u011b p\u00edsemn\u00e9\nzak\u00e1zky o p\u0159evzet\u00ed p\u0159\u00edstroje. D\u00edlem se rozum\u00ed oprava nebo \u00faprava v\u011bci dle \u00a72587\ndle Ob\u010dansk\u00e9ho z\u00e1kon\u00edku.<\/p>\n\n\n\n<p>P\u0159i\nnutnosti zv\u00fd\u0161en\u00ed odhadovan\u00e9 ceny kontaktujeme z\u00e1kazn\u00edka a v oprav\u011b pokra\u010dujeme\npouze po jeho odsouhlasen\u00ed. Tot\u00e9\u017e plat\u00ed i p\u0159i nedodr\u017een\u00ed term\u00ednu z d\u016fvodu del\u0161\u00ed\ndod\u00e1vky n\u00e1hradn\u00edho d\u00edlu.<\/p>\n\n\n\n<p>Z\u00e1ru\u010dn\u00ed\ndoba na provedenou pr\u00e1ci jsou 3 m\u011bs\u00edce a z\u00e1ru\u010dn\u00ed doba na n\u00e1hradn\u00ed d\u00edl je 6\nm\u011bs\u00edc\u016f, dle \u00a7654 ob\u010dansk\u00e9ho z\u00e1kon\u00edku. Z\u00e1ruka po\u010d\u00edn\u00e1 dnem p\u0159evzet\u00ed\nopraven\u00e9ho\/posouzen\u00e9ho p\u0159\u00edstroje. Z\u00e1kazn\u00edk je povinen vyzvednout zak\u00e1zku do 30\ndn\u016f&nbsp; po dokon\u010den\u00ed opravy. Neu\u010din\u00ed-li tak,\nje povinen zaplatit poplatek za uskladn\u011bn\u00ed 20k\u010d v\u010d.&nbsp; DPH\/den. Pokud z\u00e1kazn\u00edk p\u0159\u00edstroj nevyzvedne\ndo 6 m\u011bs\u00edc\u016f od p\u0159ed\u00e1n\u00ed k oprav\u011b, d\u00e1v\u00e1 t\u00edmto souhlas&nbsp; s ekologickou likvidac\u00ed, bez n\u00e1roku na\nn\u00e1hradu \u0161kody.<\/p>\n\n\n\n<p>&nbsp;&nbsp;&nbsp; Orienta\u010dn\u00ed cen\u00edk oprav proveden\u00fdch na firm\u011b:<\/p>\n\n\n\n<figure class=\"wp-block-table\"><table><tbody><tr><td>\n  Oprava televizoru o\n  \u00fahlop\u0159\u00ed\u010dce do 80cm&nbsp;&nbsp;&nbsp;&nbsp;&nbsp;&nbsp;&nbsp;&nbsp;&nbsp;&nbsp;&nbsp;&nbsp;&nbsp;&nbsp;&nbsp;&nbsp;&nbsp;&nbsp;&nbsp;\n  500 &#8211; 2000 K\u010d\n  <\/td><\/tr><tr><td>\n  Oprava televizoru o\n  \u00fahlop\u0159\u00ed\u010dce do 106 cm&nbsp;&nbsp;&nbsp;&nbsp;&nbsp;&nbsp;&nbsp;&nbsp;&nbsp;&nbsp;&nbsp;&nbsp;&nbsp;&nbsp;&nbsp;&nbsp;\n  800 &#8211; 2500 K\u010d\n  <\/td><\/tr><tr><td>\n  Oprava televizoru o\n  \u00fahlop\u0159\u00ed\u010dce 106 cm a v\u00edce&nbsp;&nbsp;&nbsp;&nbsp;&nbsp;&nbsp;&nbsp;&nbsp; 1000 &#8211;\n  3000 K\u010d\n  <\/td><\/tr><tr><td>\n  Nalad\u011bn\u00ed a set\u0159\u00edd\u011bn\u00ed\n  kan\u00e1l\u016f na Set-top boxu&nbsp;&nbsp;&nbsp;&nbsp;&nbsp;&nbsp;&nbsp;&nbsp;&nbsp;&nbsp;&nbsp;&nbsp;&nbsp;&nbsp;&nbsp;&nbsp;&nbsp;&nbsp;&nbsp;&nbsp;&nbsp;&nbsp;&nbsp;&nbsp;&nbsp; 150 K\u010d\n  <\/td><\/tr><tr><td>   Nalad\u011bn\u00ed a set\u0159\u00edd\u011bn\u00ed   kan\u00e1l\u016f na satelitn\u00edho p\u0159ij\u00edma\u010de\u00a0\u00a0\u00a0\u00a0\u00a0\u00a0\u00a0\u00a0\u00a0\u00a0\u00a0\u00a0\u00a0   200 K\u010d   <\/td><\/tr><\/tbody><\/table><\/figure>\n\n\n\n<p><\/p>\n","protected":false},"excerpt":{"rendered":"<p>TV servis Z\u00e1peca se zab\u00fdv\u00e1 opravou televizor\u016f v\u0161ech zna\u010dek, set \u2013 top box\u016f ( jejich opravou i nalad\u011bn\u00edm), satelitn\u00edch p\u0159ij\u00edma\u010d\u016f, DVD p\u0159ij\u00edma\u010d\u016f, televizn\u00edch ovlada\u010d\u016f a jin\u00e9 elektroniky t\u00fdkaj\u00edc\u00ed se televizn\u00ed techniky . &nbsp;&nbsp;&nbsp;&nbsp;&nbsp; Jsme sou\u010d\u00e1st\u00ed syst\u00e9mu zp\u011btn\u00e9ho odb\u011bru elektroodpadu, to znamen\u00e1, \u017ee pokud si u n\u00e1s zakoup\u00edte v\u00fdrobek, V\u00e1\u0161 star\u00fd bezplatn\u011b odebereme k ekologick\u00e9 likvidaci. [&hellip;]<\/p>\n","protected":false},"author":2,"featured_media":0,"parent":0,"menu_order":0,"comment_status":"closed","ping_status":"closed","template":"","meta":[],"_links":{"self":[{"href":"http:\/\/zapeca.cz\/index.php\/wp-json\/wp\/v2\/pages\/148"}],"collection":[{"href":"http:\/\/zapeca.cz\/index.php\/wp-json\/wp\/v2\/pages"}],"about":[{"href":"http:\/\/zapeca.cz\/index.php\/wp-json\/wp\/v2\/types\/page"}],"author":[{"embeddable":true,"href":"http:\/\/zapeca.cz\/index.php\/wp-json\/wp\/v2\/users\/2"}],"replies":[{"embeddable":true,"href":"http:\/\/zapeca.cz\/index.php\/wp-json\/wp\/v2\/comments?post=148"}],"version-history":[{"count":2,"href":"http:\/\/zapeca.cz\/index.php\/wp-json\/wp\/v2\/pages\/148\/revisions"}],"predecessor-version":[{"id":200,"href":"http:\/\/zapeca.cz\/index.php\/wp-json\/wp\/v2\/pages\/148\/revisions\/200"}],"wp:attachment":[{"href":"http:\/\/zapeca.cz\/index.php\/wp-json\/wp\/v2\/media?parent=148"}],"curies":[{"name":"wp","href":"https:\/\/api.w.org\/{rel}","templated":true}]}}