{"id":150,"date":"2021-07-06T06:33:08","date_gmt":"2021-07-06T06:33:08","guid":{"rendered":"http:\/\/foto-poky.cz\/?page_id=150"},"modified":"2021-08-29T19:52:44","modified_gmt":"2021-08-29T19:52:44","slug":"satelitni-vysilani","status":"publish","type":"page","link":"http:\/\/zapeca.cz\/index.php\/satelitni-vysilani\/","title":{"rendered":"Satelitn\u00ed vys\u00edl\u00e1n\u00ed"},"content":{"rendered":"\n<p>&nbsp; V\u00fdhodou satelitn\u00edho digit\u00e1ln\u00edho vys\u00edl\u00e1n\u00ed spole\u010dnost\u00ed\nSkylink a Freesat je mnohem lep\u0161\u00ed pokryt\u00ed sign\u00e1lu, kvalitn\u011bj\u0161\u00ed obraz a velk\u00e1\nprogramov\u00e1 nab\u00eddka. Zde se jist\u011b vyplat\u00ed zeptat technika na aktu\u00e1ln\u00ed akce\nnab\u00eddnut\u00e9 dan\u00fdmi firmami aby byla pro v\u00e1s mont\u00e1\u017e \u010di p\u0159\u00edpadn\u00fd bal\u00ed\u010dek co\nnejv\u00fdhodn\u011bj\u0161\u00ed.<\/p>\n\n\n\n<p>&nbsp;&nbsp;&nbsp; Mont\u00e1\u017e satelitn\u00edho kompletu firmy Skylink se\nnej\u010dast\u011bji \u0159e\u0161\u00ed dv\u011bma n\u00e1sleduj\u00edc\u00edmi zp\u016fsoby :<\/p>\n\n\n\n<p>1.\nSkylink za korunu \u2013 Od&nbsp; Skylinku z\u00edsk\u00e1te\nve\u0161ker\u00e9 pot\u0159ebn\u00e9 vybaven\u00ed k p\u0159\u00edjmu satelitn\u00edho vys\u00edl\u00e1ni:<\/p>\n\n\n\n<ul><li>HD\nsatelitn\u00ed p\u0159ij\u00edma\u010d Skylink READY<\/li><li>dek\u00f3dovac\u00ed\nkartu Skylink<\/li><li>satelitn\u00ed\nant\u00e9nu (parabolu)<\/li><li>LNB\nkonvertor<\/li><li>profesion\u00e1ln\u00ed\ninstalaci za\u0159\u00edzen\u00ed<\/li><li>10\nmetr\u016f koaxi\u00e1ln\u00edho kabelu<\/li><\/ul>\n\n\n\n<p>Podm\u00ednkou\nvyu\u017eit\u00ed nab\u00eddky je z\u00e1vazek k odb\u011bru vybran\u00e9ho programov\u00e9ho bal\u00ed\u010dku Skylink (Smart,\nMulti, Kombi, Komplet) na 24 m\u011bs\u00edc\u016f.<\/p>\n\n\n\n<p>Satelitn\u00ed vybaven\u00ed v\u010detn\u011b dek\u00f3dovac\u00ed karty a profesion\u00e1ln\u00ed instalace tedy z\u00edsk\u00e1te zdarma. P\u0159\u00edpadn\u00fd doplatek se t\u00fdk\u00e1 pouze nestandardn\u00ed instalace a cestovn\u00e9ho .<\/p>\n\n\n\n<p>2.\nSamostatn\u011b zakoupen\u00fdm satelitn\u00edm kompletem, u kter\u00e9ho se nemus\u00edte zavazovat\nsmlouvou k&nbsp;odb\u011bru programov\u00e9ho bal\u00ed\u010dku<\/p>\n\n\n\n<p>Mont\u00e1\u017e\nsatelitn\u00edho kompletu firmy Freesat : <\/p>\n\n\n\n<p>Od dubna\n2021 se Freesat p\u0159esunuje na satelitn\u00ed pozici stejnou jako Skylink a to sice\nAstra 3A 23.5.<\/p>\n\n\n\n<p>Programovou nab\u00eddku najdete na adrese <a href=\"http:\/\/www.freesat.cz\">www.freesat.cz<\/a>  nebo kontaktujte technick\u00e9 odd\u011blen\u00ed. Po p\u0159esunu na satelitn\u00ed pozici Astra 3A budou dopln\u011bn\u00e9 dal\u0161\u00ed informace.<\/p>\n","protected":false},"excerpt":{"rendered":"<p>&nbsp; V\u00fdhodou satelitn\u00edho digit\u00e1ln\u00edho vys\u00edl\u00e1n\u00ed spole\u010dnost\u00ed Skylink a Freesat je mnohem lep\u0161\u00ed pokryt\u00ed sign\u00e1lu, kvalitn\u011bj\u0161\u00ed obraz a velk\u00e1 programov\u00e1 nab\u00eddka. Zde se jist\u011b vyplat\u00ed zeptat technika na aktu\u00e1ln\u00ed akce nab\u00eddnut\u00e9 dan\u00fdmi firmami aby byla pro v\u00e1s mont\u00e1\u017e \u010di p\u0159\u00edpadn\u00fd bal\u00ed\u010dek co nejv\u00fdhodn\u011bj\u0161\u00ed. &nbsp;&nbsp;&nbsp; Mont\u00e1\u017e satelitn\u00edho kompletu firmy Skylink se nej\u010dast\u011bji \u0159e\u0161\u00ed dv\u011bma n\u00e1sleduj\u00edc\u00edmi zp\u016fsoby : [&hellip;]<\/p>\n","protected":false},"author":2,"featured_media":0,"parent":0,"menu_order":0,"comment_status":"closed","ping_status":"closed","template":"","meta":[],"_links":{"self":[{"href":"http:\/\/zapeca.cz\/index.php\/wp-json\/wp\/v2\/pages\/150"}],"collection":[{"href":"http:\/\/zapeca.cz\/index.php\/wp-json\/wp\/v2\/pages"}],"about":[{"href":"http:\/\/zapeca.cz\/index.php\/wp-json\/wp\/v2\/types\/page"}],"author":[{"embeddable":true,"href":"http:\/\/zapeca.cz\/index.php\/wp-json\/wp\/v2\/users\/2"}],"replies":[{"embeddable":true,"href":"http:\/\/zapeca.cz\/index.php\/wp-json\/wp\/v2\/comments?post=150"}],"version-history":[{"count":3,"href":"http:\/\/zapeca.cz\/index.php\/wp-json\/wp\/v2\/pages\/150\/revisions"}],"predecessor-version":[{"id":202,"href":"http:\/\/zapeca.cz\/index.php\/wp-json\/wp\/v2\/pages\/150\/revisions\/202"}],"wp:attachment":[{"href":"http:\/\/zapeca.cz\/index.php\/wp-json\/wp\/v2\/media?parent=150"}],"curies":[{"name":"wp","href":"https:\/\/api.w.org\/{rel}","templated":true}]}}