{"id":156,"date":"2021-07-06T06:38:08","date_gmt":"2021-07-06T06:38:08","guid":{"rendered":"http:\/\/foto-poky.cz\/?page_id=156"},"modified":"2024-05-08T19:11:01","modified_gmt":"2024-05-08T19:11:01","slug":"kontakt-3","status":"publish","type":"page","link":"http:\/\/zapeca.cz\/index.php\/kontakt-3\/","title":{"rendered":"Kontakt"},"content":{"rendered":"\n<p><strong>Tel. \u010d\u00edsla:<\/strong><br> Objedn\u00e1vky: 603 229 954<br><\/p>\n\n\n\n<p> <strong>Emailov\u00e9 adresy:  <\/strong><br> petr@zapeca.cz<br> info@zapeca.cz<\/p>\n","protected":false},"excerpt":{"rendered":"<p>Tel. \u010d\u00edsla: Objedn\u00e1vky: 603 229 954 Emailov\u00e9 adresy: petr@zapeca.cz info@zapeca.cz<\/p>\n","protected":false},"author":2,"featured_media":0,"parent":0,"menu_order":0,"comment_status":"closed","ping_status":"closed","template":"","meta":[],"_links":{"self":[{"href":"http:\/\/zapeca.cz\/index.php\/wp-json\/wp\/v2\/pages\/156"}],"collection":[{"href":"http:\/\/zapeca.cz\/index.php\/wp-json\/wp\/v2\/pages"}],"about":[{"href":"http:\/\/zapeca.cz\/index.php\/wp-json\/wp\/v2\/types\/page"}],"author":[{"embeddable":true,"href":"http:\/\/zapeca.cz\/index.php\/wp-json\/wp\/v2\/users\/2"}],"replies":[{"embeddable":true,"href":"http:\/\/zapeca.cz\/index.php\/wp-json\/wp\/v2\/comments?post=156"}],"version-history":[{"count":2,"href":"http:\/\/zapeca.cz\/index.php\/wp-json\/wp\/v2\/pages\/156\/revisions"}],"predecessor-version":[{"id":207,"href":"http:\/\/zapeca.cz\/index.php\/wp-json\/wp\/v2\/pages\/156\/revisions\/207"}],"wp:attachment":[{"href":"http:\/\/zapeca.cz\/index.php\/wp-json\/wp\/v2\/media?parent=156"}],"curies":[{"name":"wp","href":"https:\/\/api.w.org\/{rel}","templated":true}]}}