{"id":146,"date":"2021-07-06T06:30:10","date_gmt":"2021-07-06T06:30:10","guid":{"rendered":"http:\/\/foto-poky.cz\/?page_id=146"},"modified":"2021-08-29T19:40:32","modified_gmt":"2021-08-29T19:40:32","slug":"domu","status":"publish","type":"page","link":"https:\/\/zapeca.cz\/","title":{"rendered":"Dom\u016f"},"content":{"rendered":"\n<p>\u00a0\u00a0\u00a0\u00a0\u00a0\u00a0\u00a0 Televizn\u00ed servis <strong><span class=\"has-inline-color has-vivid-red-color\">Z\u00e1peca<\/span> <\/strong>nab\u00edz\u00ed slu\u017eby mezi n\u011b\u017e pat\u0159\u00ed:<\/p>\n\n\n\n<ul><li>Oprava\nteleviz\u00ed a elektroniky s&nbsp;n\u00ed spjat\u00e9<\/li><li>Prodej\nkomponent\u016f pot\u0159ebn\u00fdch k&nbsp;jak\u00e9mukoliv p\u0159\u00edjmu vys\u00edl\u00e1n\u00ed<\/li><li>Instalace\nsatelitn\u00edho digit\u00e1ln\u00edho vys\u00edl\u00e1n\u00ed Skylink a&nbsp;\nFreesat<\/li><li>Instalace\nDVBT vys\u00edl\u00e1n\u00ed p\u0159es ant\u00e9nu<\/li><li>Vy\u0159e\u0161en\u00ed\nkomplikac\u00ed, kter\u00e9 se t\u00fdk\u00e1 p\u0159\u00edjmu sign\u00e1lu u v\u00e1s doma<\/li><\/ul>\n\n\n\n<p>\u00a0\u00a0\u00a0\u00a0\u00a0 Televizn\u00ed servis <span class=\"has-inline-color has-vivid-red-color\"><strong>Z\u00e1peca<\/strong> <\/span>je tu pro v\u00e1s ji\u017e od roku 1991. Od po\u010d\u00e1tku jsou na\u0161e hlavn\u00ed \u010dinnosti oprava spot\u0159ebn\u00ed elektroniky, mont\u00e1\u017e a instalace televizn\u00edho vys\u00edl\u00e1n\u00ed pomoc\u00ed satelitu \u010di ant\u00e9ny. U t\u011bchto \u010dinnost\u00ed dlouhodob\u011b spolupracujeme s\u00a0tuzemsk\u00fdmi i zahrani\u010dn\u00edmi v\u00fdrobci. Zaji\u0161\u0165ujeme <strong>kompletn\u00ed servis <\/strong>a podporu pro va\u0161i spot\u0159ebn\u00ed elektroniku. Komponenty se kter\u00fdmi pracujeme m\u00e1me ov\u011b\u0159en\u00e9 tak abychom dok\u00e1zali zajistit co nejkvalitn\u011bj\u0161\u00ed slu\u017eby k\u00a0va\u0161\u00ed spokojenosti.<\/p>\n\n\n\n<p>\u00a0\u00a0\u00a0\u00a0 Pat\u0159\u00edme mezi partnery <strong>SKYLINKU <\/strong>a poskytujeme tedy krom samotn\u00e9 mont\u00e1\u017ee tak\u00e9 komponenty pot\u0159ebn\u00e9 k\u00a0p\u0159\u00edjmu t\u00e9to slu\u017eby jako jsou nov\u00e9 satelitn\u00ed karty, satelitn\u00ed moduly, nebo certifikovan\u00e9 satelitn\u00ed p\u0159ij\u00edma\u010de. V\u00a0na\u0161\u00ed firm\u011b je tak\u00e9 mo\u017en\u00e9 p\u0159edplacen\u00ed programov\u00fdch bal\u00ed\u010dku, kter\u00e9 <strong>SKYLINK <\/strong>poskytuje. <\/p>\n\n\n\n<p><strong>SKYLINK za korunu !<\/strong> Poskytujeme slu\u017ebu, kterou firma SKYLINK podporuje a tou je akce zvan\u00e1 SKYLINK za korun, kde z\u00e1kazn\u00edk zaplat\u00ed za standardn\u00ed instalaci pouze jednu korunu. <\/p>\n","protected":false},"excerpt":{"rendered":"<p>\u00a0\u00a0\u00a0\u00a0\u00a0\u00a0\u00a0 Televizn\u00ed servis Z\u00e1peca nab\u00edz\u00ed slu\u017eby mezi n\u011b\u017e pat\u0159\u00ed: Oprava televiz\u00ed a elektroniky s&nbsp;n\u00ed spjat\u00e9 Prodej komponent\u016f pot\u0159ebn\u00fdch k&nbsp;jak\u00e9mukoliv p\u0159\u00edjmu vys\u00edl\u00e1n\u00ed Instalace satelitn\u00edho digit\u00e1ln\u00edho vys\u00edl\u00e1n\u00ed Skylink a&nbsp; Freesat Instalace DVBT vys\u00edl\u00e1n\u00ed p\u0159es ant\u00e9nu Vy\u0159e\u0161en\u00ed komplikac\u00ed, kter\u00e9 se t\u00fdk\u00e1 p\u0159\u00edjmu sign\u00e1lu u v\u00e1s doma \u00a0\u00a0\u00a0\u00a0\u00a0 Televizn\u00ed servis Z\u00e1peca je tu pro v\u00e1s ji\u017e od roku 1991. [&hellip;]<\/p>\n","protected":false},"author":2,"featured_media":0,"parent":0,"menu_order":0,"comment_status":"closed","ping_status":"closed","template":"","meta":[],"_links":{"self":[{"href":"https:\/\/zapeca.cz\/index.php\/wp-json\/wp\/v2\/pages\/146"}],"collection":[{"href":"https:\/\/zapeca.cz\/index.php\/wp-json\/wp\/v2\/pages"}],"about":[{"href":"https:\/\/zapeca.cz\/index.php\/wp-json\/wp\/v2\/types\/page"}],"author":[{"embeddable":true,"href":"https:\/\/zapeca.cz\/index.php\/wp-json\/wp\/v2\/users\/2"}],"replies":[{"embeddable":true,"href":"https:\/\/zapeca.cz\/index.php\/wp-json\/wp\/v2\/comments?post=146"}],"version-history":[{"count":1,"href":"https:\/\/zapeca.cz\/index.php\/wp-json\/wp\/v2\/pages\/146\/revisions"}],"predecessor-version":[{"id":196,"href":"https:\/\/zapeca.cz\/index.php\/wp-json\/wp\/v2\/pages\/146\/revisions\/196"}],"wp:attachment":[{"href":"https:\/\/zapeca.cz\/index.php\/wp-json\/wp\/v2\/media?parent=146"}],"curies":[{"name":"wp","href":"https:\/\/api.w.org\/{rel}","templated":true}]}}